{"id":2707,"date":"2022-08-23T08:40:49","date_gmt":"2022-08-23T08:40:49","guid":{"rendered":"http:\/\/dev.ampliaciohospitalmanacor.com\/?page_id=2707"},"modified":"2022-09-26T12:26:46","modified_gmt":"2022-09-26T12:26:46","slug":"aviso-legal","status":"publish","type":"page","link":"https:\/\/ampliaciohospitalmanacor.com\/es\/aviso-legal\/","title":{"rendered":"Aviso legal"},"content":{"rendered":"\n<p><strong>1.- Titularidad<\/strong><\/p>\n\n\n\n<p>Este sitio es propiedad y est\u00e1 operado por , con domicilio social en&nbsp;.<\/p>\n\n\n\n<p><strong>CIF:&nbsp;<\/strong>0B07805906<\/p>\n\n\n\n<p><strong>Correo electr\u00f3nico:<\/strong>&nbsp;<a rel=\"noreferrer noopener\" href=\"mailto:info@cidesal.com?subject=Contacto%20CIDESAL&amp;body=Mensaje%20para%20enviar%20a%20CIDESAL\" target=\"_blank\"><\/a><a href=\"mailto:info@ampliaciohospitalmanacor.com\" target=\"_blank\" rel=\"noreferrer noopener\">info@ampliaciohospitalmanacor.com<\/a><\/p>\n\n\n\n<p>Cidesal an\u00e1lisis Alimentos SL&nbsp;(en adelante el Servicio). El uso de esta web te da la condici\u00f3n de \u201cUsuario\u201d. Eso significa que aceptas los t\u00e9rminos y condiciones establecidos a continuaci\u00f3n y con ello te comprometes a no usarlo para fines ilegales.<\/p>\n\n\n\n<p><strong>2.- Edad<\/strong><\/p>\n\n\n\n<p>En cuanto al uso del Servicio, y a menos que se indique lo contrario, declaras que eres mayor de edad y que dispones de la capacidad legal necesaria para vincularte y usar el Servicio de conformidad con sus t\u00e9rminos y condiciones, que comprendes y reconoces en su totalidad. Declaras que toda la informaci\u00f3n que proporciones para acceder al Servicio, antes y durante su utilizaci\u00f3n, es verdadera, completa y precisa.<\/p>\n\n\n\n<p><strong>3.- Enlaces externos<\/strong><\/p>\n\n\n\n<p>Puede que la web del Servicio te env\u00ede a otros sitios web de terceros. Sin embargo, el Servicio no controla esos sitios ni su contenido, que de hecho est\u00e1 sujeto a sus propios t\u00e9rminos y condiciones. Por tanto, el Servicio no es responsable sobre la calidad, veracidad o exactitud de esas webs.<\/p>\n\n\n\n<p><strong>4.- Propiedad Intelectual<\/strong><\/p>\n\n\n\n<p>El dise\u00f1o de la web del Servicio y su contenido, marcas y logos son titularidad o est\u00e1n licenciados al titular de esta web, estando sujetos a los derechos de propiedad intelectual acordados por la la ley. Como Usuario aceptas no usar, copiar o distribuir ning\u00fan contenido de la web m\u00e1s all\u00e1 de lo expresamente indicado aqu\u00ed. Cualquier uso comercial de nuestro contenido que quieras realizar requerir\u00e1 de nuestra expresa autorizaci\u00f3n.<\/p>\n\n\n\n<p><strong>5.- Contenido de Usuario<\/strong><\/p>\n\n\n\n<p>Como Usuario puedes contribuir al Servicio de diversas maneras, tales como enviar correos electr\u00f3nicos, hacer comentarios o enviar sugerencias (en adelante \u201cContenido\u201d). Podemos usar ese Contenido de distintas maneras, por ejemplo mostrarlo en el sitio web, reformatearlo, traducirlo a otros idiomas, editarlo para aportar claridad, corregir errores gramaticales, crear obras derivadas a partir de \u00e9l, promocionarlo y distribuirlo. Por tanto, el Contenido sigue siendo de tu propiedad pero al enviarlo concedes al Servicio una licencia de uso mundial, no exclusiva, gratuita, hasta la retirada del contenido, transferible y sublicenciable sobre ese Contenido.<\/p>\n\n\n\n<p><strong>6.- Newsletter<\/strong><\/p>\n\n\n\n<p>Puedes suscribirte a la newsletter del Servicio desde la web. Si lo consientes, \u00fanicamente te enviaremos contenido relacionado con el d\u00eda a d\u00eda del Servicio, nada m\u00e1s. En cualquier caso, podr\u00e1s darte de baja de la lista desde el propio email o contactando con nosotros en:&nbsp;<a href=\"http:\/\/ampliaciohospitalmanacor.com\">ampliaciohospitalmanacor.com<\/a><\/p>\n\n\n\n<p>Aceptas que \u00fanicamente usar\u00e1s el email de una tercera persona para darla de alta al newsletter si tienes el consentimiento expreso de esa persona.<\/p>\n\n\n\n<p><strong>7.- Responsabilidad<\/strong><\/p>\n\n\n\n<p>Hasta donde la ley permita, el Servicio no ser\u00e1 responsable por:&nbsp;<\/p>\n\n\n\n<ol class=\"wp-block-list\"><li>Cualquier error u omisi\u00f3n en el contenido de la web;&nbsp;<\/li><li>La no disponibilidad de la web;&nbsp;<\/li><li>La transmisi\u00f3n de malware o virus a trav\u00e9s del contenido de la web, a pesar de tomar todas las medidas tecnol\u00f3gicas necesarias para prevenirlo.<\/li><\/ol>\n\n\n\n<p><strong>8.- Cambios<\/strong><\/p>\n\n\n\n<p>El Servicio se reserva el derecho de realizar los cambios no anunciados que considere oportunos para la web. Eso significa que el Servicio puede cambiar, eliminar o a\u00f1adir contenido y servicios proporcionados a trav\u00e9s de la web. Adem\u00e1s, estos t\u00e9rminos y condiciones pueden ser actualizados. Las modificaciones entrar\u00e1n en vigor desde su publicaci\u00f3n.<\/p>\n\n\n\n<p><strong>9.- Ley y arbitraje<\/strong><\/p>\n\n\n\n<p>Hasta donde sea posible, este Servicio se rige por la legislaci\u00f3n espa\u00f1ola. Con el fin de simplificar la resoluci\u00f3n de reclamaciones por la v\u00eda civil y reducir costes, no excluimos la posibilidad de someternos ante un Arbitraje de Equidad de la Corte de Arbitraje de las C\u00e1maras de Comercio e Industria. En este sentido, y seg\u00fan la normativa aplicable, el Servicio informa de la existencia de una plataforma europea de resoluci\u00f3n de litigios en l\u00ednea que facilita la resoluci\u00f3n extrajudicial de dichos litigios para contratos celebrados igualmente en l\u00ednea entre consumidores y prestadores de servicios de Internet. A dicha plataforma se podr\u00e1 acceder a trav\u00e9s de la siguiente p\u00e1gina web:&nbsp;<a href=\"http:\/\/ec.europa.eu\/odr\">http:\/\/ec.europa.eu\/odr<\/a><\/p>\n\n\n\n<p><strong>10.- Contacto<\/strong><\/p>\n\n\n\n<p>Para cualquier aclaraci\u00f3n, incidencia o reclamaci\u00f3n, puedes contactar con nosotros mediante:<\/p>\n\n\n\n<p><strong>E-mail:<\/strong>&nbsp;<\/p>\n\n\n\n<p><strong>Direcci\u00f3n postal:<\/strong>&nbsp;<\/p>\n","protected":false},"excerpt":{"rendered":"<p>1.- Titularidad Este sitio es propiedad y est\u00e1 operado por , con domicilio social en&nbsp;. CIF:&nbsp;0B07805906 Correo electr\u00f3nico:&nbsp;info@ampliaciohospitalmanacor.com Cidesal an\u00e1lisis Alimentos SL&nbsp;(en adelante el Servicio). El uso de esta web te da la condici\u00f3n de \u201cUsuario\u201d. Eso significa que aceptas los t\u00e9rminos y condiciones establecidos a continuaci\u00f3n y con ello te comprometes a no usarlo [&hellip;]<\/p>\n","protected":false},"author":1,"featured_media":0,"parent":0,"menu_order":0,"comment_status":"closed","ping_status":"closed","template":"","meta":{"_monsterinsights_skip_tracking":false,"_monsterinsights_sitenote_active":false,"_monsterinsights_sitenote_note":"","_monsterinsights_sitenote_category":0,"footnotes":""},"class_list":["post-2707","page","type-page","status-publish","hentry"],"yoast_head":"<!-- This site is optimized with the Yoast SEO plugin v27.3 - https:\/\/yoast.com\/product\/yoast-seo-wordpress\/ -->\n<title>Aviso legal - Hospital Manacor<\/title>\n<meta name=\"robots\" content=\"noindex, follow\" \/>\n<meta property=\"og:locale\" content=\"es_ES\" \/>\n<meta property=\"og:type\" content=\"article\" \/>\n<meta property=\"og:title\" content=\"Aviso legal - Hospital Manacor\" \/>\n<meta property=\"og:description\" content=\"1.- Titularidad Este sitio es propiedad y est\u00e1 operado por , con domicilio social en&nbsp;. CIF:&nbsp;0B07805906 Correo electr\u00f3nico:&nbsp;info@ampliaciohospitalmanacor.com Cidesal an\u00e1lisis Alimentos SL&nbsp;(en adelante el Servicio). El uso de esta web te da la condici\u00f3n de \u201cUsuario\u201d. Eso significa que aceptas los t\u00e9rminos y condiciones establecidos a continuaci\u00f3n y con ello te comprometes a no usarlo [&hellip;]\" \/>\n<meta property=\"og:url\" content=\"https:\/\/ampliaciohospitalmanacor.com\/es\/aviso-legal\/\" \/>\n<meta property=\"og:site_name\" content=\"Hospital Manacor\" \/>\n<meta property=\"article:modified_time\" content=\"2022-09-26T12:26:46+00:00\" \/>\n<meta name=\"twitter:card\" content=\"summary_large_image\" \/>\n<meta name=\"twitter:label1\" content=\"Tiempo de lectura\" \/>\n\t<meta name=\"twitter:data1\" content=\"4 minutos\" \/>\n<script type=\"application\/ld+json\" class=\"yoast-schema-graph\">{\"@context\":\"https:\\\/\\\/schema.org\",\"@graph\":[{\"@type\":\"WebPage\",\"@id\":\"https:\\\/\\\/ampliaciohospitalmanacor.com\\\/es\\\/aviso-legal\\\/\",\"url\":\"https:\\\/\\\/ampliaciohospitalmanacor.com\\\/es\\\/aviso-legal\\\/\",\"name\":\"Aviso legal - Hospital Manacor\",\"isPartOf\":{\"@id\":\"https:\\\/\\\/ampliaciohospitalmanacor.com\\\/#website\"},\"datePublished\":\"2022-08-23T08:40:49+00:00\",\"dateModified\":\"2022-09-26T12:26:46+00:00\",\"breadcrumb\":{\"@id\":\"https:\\\/\\\/ampliaciohospitalmanacor.com\\\/es\\\/aviso-legal\\\/#breadcrumb\"},\"inLanguage\":\"es\",\"potentialAction\":[{\"@type\":\"ReadAction\",\"target\":[\"https:\\\/\\\/ampliaciohospitalmanacor.com\\\/es\\\/aviso-legal\\\/\"]}]},{\"@type\":\"BreadcrumbList\",\"@id\":\"https:\\\/\\\/ampliaciohospitalmanacor.com\\\/es\\\/aviso-legal\\\/#breadcrumb\",\"itemListElement\":[{\"@type\":\"ListItem\",\"position\":1,\"name\":\"Inici\",\"item\":\"https:\\\/\\\/ampliaciohospitalmanacor.com\\\/\"},{\"@type\":\"ListItem\",\"position\":2,\"name\":\"Aviso legal\"}]},{\"@type\":\"WebSite\",\"@id\":\"https:\\\/\\\/ampliaciohospitalmanacor.com\\\/#website\",\"url\":\"https:\\\/\\\/ampliaciohospitalmanacor.com\\\/\",\"name\":\"Hospital Manacor\",\"description\":\"Otro sitio realizado con WordPress\",\"publisher\":{\"@id\":\"https:\\\/\\\/ampliaciohospitalmanacor.com\\\/#organization\"},\"potentialAction\":[{\"@type\":\"SearchAction\",\"target\":{\"@type\":\"EntryPoint\",\"urlTemplate\":\"https:\\\/\\\/ampliaciohospitalmanacor.com\\\/?s={search_term_string}\"},\"query-input\":{\"@type\":\"PropertyValueSpecification\",\"valueRequired\":true,\"valueName\":\"search_term_string\"}}],\"inLanguage\":\"es\"},{\"@type\":\"Organization\",\"@id\":\"https:\\\/\\\/ampliaciohospitalmanacor.com\\\/#organization\",\"name\":\"Hospital Manacor\",\"url\":\"https:\\\/\\\/ampliaciohospitalmanacor.com\\\/\",\"logo\":{\"@type\":\"ImageObject\",\"inLanguage\":\"es\",\"@id\":\"https:\\\/\\\/ampliaciohospitalmanacor.com\\\/#\\\/schema\\\/logo\\\/image\\\/\",\"url\":\"https:\\\/\\\/ampliacio-hospital-manacor.fra1.digitaloceanspaces.com\\\/wp-content\\\/uploads\\\/2022\\\/08\\\/logo-hospital-manacor.png\",\"contentUrl\":\"https:\\\/\\\/ampliacio-hospital-manacor.fra1.digitaloceanspaces.com\\\/wp-content\\\/uploads\\\/2022\\\/08\\\/logo-hospital-manacor.png\",\"width\":229,\"height\":57,\"caption\":\"Hospital Manacor\"},\"image\":{\"@id\":\"https:\\\/\\\/ampliaciohospitalmanacor.com\\\/#\\\/schema\\\/logo\\\/image\\\/\"}}]}<\/script>\n<!-- \/ Yoast SEO plugin. -->","yoast_head_json":{"title":"Aviso legal - Hospital Manacor","robots":{"index":"noindex","follow":"follow"},"og_locale":"es_ES","og_type":"article","og_title":"Aviso legal - Hospital Manacor","og_description":"1.- Titularidad Este sitio es propiedad y est\u00e1 operado por , con domicilio social en&nbsp;. CIF:&nbsp;0B07805906 Correo electr\u00f3nico:&nbsp;info@ampliaciohospitalmanacor.com Cidesal an\u00e1lisis Alimentos SL&nbsp;(en adelante el Servicio). El uso de esta web te da la condici\u00f3n de \u201cUsuario\u201d. Eso significa que aceptas los t\u00e9rminos y condiciones establecidos a continuaci\u00f3n y con ello te comprometes a no usarlo [&hellip;]","og_url":"https:\/\/ampliaciohospitalmanacor.com\/es\/aviso-legal\/","og_site_name":"Hospital Manacor","article_modified_time":"2022-09-26T12:26:46+00:00","twitter_card":"summary_large_image","twitter_misc":{"Tiempo de lectura":"4 minutos"},"schema":{"@context":"https:\/\/schema.org","@graph":[{"@type":"WebPage","@id":"https:\/\/ampliaciohospitalmanacor.com\/es\/aviso-legal\/","url":"https:\/\/ampliaciohospitalmanacor.com\/es\/aviso-legal\/","name":"Aviso legal - Hospital Manacor","isPartOf":{"@id":"https:\/\/ampliaciohospitalmanacor.com\/#website"},"datePublished":"2022-08-23T08:40:49+00:00","dateModified":"2022-09-26T12:26:46+00:00","breadcrumb":{"@id":"https:\/\/ampliaciohospitalmanacor.com\/es\/aviso-legal\/#breadcrumb"},"inLanguage":"es","potentialAction":[{"@type":"ReadAction","target":["https:\/\/ampliaciohospitalmanacor.com\/es\/aviso-legal\/"]}]},{"@type":"BreadcrumbList","@id":"https:\/\/ampliaciohospitalmanacor.com\/es\/aviso-legal\/#breadcrumb","itemListElement":[{"@type":"ListItem","position":1,"name":"Inici","item":"https:\/\/ampliaciohospitalmanacor.com\/"},{"@type":"ListItem","position":2,"name":"Aviso legal"}]},{"@type":"WebSite","@id":"https:\/\/ampliaciohospitalmanacor.com\/#website","url":"https:\/\/ampliaciohospitalmanacor.com\/","name":"Hospital Manacor","description":"Otro sitio realizado con WordPress","publisher":{"@id":"https:\/\/ampliaciohospitalmanacor.com\/#organization"},"potentialAction":[{"@type":"SearchAction","target":{"@type":"EntryPoint","urlTemplate":"https:\/\/ampliaciohospitalmanacor.com\/?s={search_term_string}"},"query-input":{"@type":"PropertyValueSpecification","valueRequired":true,"valueName":"search_term_string"}}],"inLanguage":"es"},{"@type":"Organization","@id":"https:\/\/ampliaciohospitalmanacor.com\/#organization","name":"Hospital Manacor","url":"https:\/\/ampliaciohospitalmanacor.com\/","logo":{"@type":"ImageObject","inLanguage":"es","@id":"https:\/\/ampliaciohospitalmanacor.com\/#\/schema\/logo\/image\/","url":"https:\/\/ampliacio-hospital-manacor.fra1.digitaloceanspaces.com\/wp-content\/uploads\/2022\/08\/logo-hospital-manacor.png","contentUrl":"https:\/\/ampliacio-hospital-manacor.fra1.digitaloceanspaces.com\/wp-content\/uploads\/2022\/08\/logo-hospital-manacor.png","width":229,"height":57,"caption":"Hospital Manacor"},"image":{"@id":"https:\/\/ampliaciohospitalmanacor.com\/#\/schema\/logo\/image\/"}}]}},"_links":{"self":[{"href":"https:\/\/ampliaciohospitalmanacor.com\/es\/wp-json\/wp\/v2\/pages\/2707","targetHints":{"allow":["GET"]}}],"collection":[{"href":"https:\/\/ampliaciohospitalmanacor.com\/es\/wp-json\/wp\/v2\/pages"}],"about":[{"href":"https:\/\/ampliaciohospitalmanacor.com\/es\/wp-json\/wp\/v2\/types\/page"}],"author":[{"embeddable":true,"href":"https:\/\/ampliaciohospitalmanacor.com\/es\/wp-json\/wp\/v2\/users\/1"}],"replies":[{"embeddable":true,"href":"https:\/\/ampliaciohospitalmanacor.com\/es\/wp-json\/wp\/v2\/comments?post=2707"}],"version-history":[{"count":2,"href":"https:\/\/ampliaciohospitalmanacor.com\/es\/wp-json\/wp\/v2\/pages\/2707\/revisions"}],"predecessor-version":[{"id":3048,"href":"https:\/\/ampliaciohospitalmanacor.com\/es\/wp-json\/wp\/v2\/pages\/2707\/revisions\/3048"}],"wp:attachment":[{"href":"https:\/\/ampliaciohospitalmanacor.com\/es\/wp-json\/wp\/v2\/media?parent=2707"}],"curies":[{"name":"wp","href":"https:\/\/api.w.org\/{rel}","templated":true}]}}